{"id":3569,"date":"2024-03-06T16:18:02","date_gmt":"2024-03-06T16:18:02","guid":{"rendered":"https:\/\/silmac.it\/whistleblowing-2\/"},"modified":"2026-02-10T08:27:03","modified_gmt":"2026-02-10T08:27:03","slug":"whistleblowing-2","status":"publish","type":"page","link":"https:\/\/silmac.it\/de\/whistleblowing-2\/","title":{"rendered":"Whistleblowing"},"content":{"rendered":"\t\t<div data-elementor-type=\"wp-page\" data-elementor-id=\"3569\" class=\"elementor elementor-3569 elementor-3445\">\n\t\t\t\t\t\t<header class=\"elementor-section elementor-top-section elementor-element elementor-element-5caf1cc1 elementor-section-content-middle elementor-section-boxed elementor-section-height-default elementor-section-height-default\" data-id=\"5caf1cc1\" data-element_type=\"section\" data-settings=\"{&quot;background_background&quot;:&quot;classic&quot;}\">\n\t\t\t\t\t\t<div class=\"elementor-container elementor-column-gap-no\">\n\t\t\t\t\t<div class=\"elementor-column elementor-col-50 elementor-top-column elementor-element elementor-element-51abfb1d header-logo\" data-id=\"51abfb1d\" data-element_type=\"column\">\n\t\t\t<div class=\"elementor-widget-wrap elementor-element-populated\">\n\t\t\t\t\t\t<div class=\"elementor-element elementor-element-5dac564d elementor-widget elementor-widget-image\" data-id=\"5dac564d\" data-element_type=\"widget\" data-widget_type=\"image.default\">\n\t\t\t\t<div class=\"elementor-widget-container\">\n\t\t\t<style>\/*! elementor - v3.19.0 - 28-02-2024 *\/\n.elementor-widget-image{text-align:center}.elementor-widget-image a{display:inline-block}.elementor-widget-image a img[src$=\".svg\"]{width:48px}.elementor-widget-image img{vertical-align:middle;display:inline-block}<\/style>\t\t\t\t\t\t\t\t\t\t\t<a href=\"https:\/\/silmac.it\/de\/\">\n\t\t\t\t\t\t\t<img fetchpriority=\"high\" decoding=\"async\" width=\"512\" height=\"512\" src=\"https:\/\/silmac.it\/wp-content\/uploads\/2022\/04\/cropped-logo_silmac.png\" class=\"attachment-large size-large wp-image-868\" alt=\"\" srcset=\"https:\/\/silmac.it\/wp-content\/uploads\/2022\/04\/cropped-logo_silmac.png 512w, https:\/\/silmac.it\/wp-content\/uploads\/2022\/04\/cropped-logo_silmac-300x300.png 300w, https:\/\/silmac.it\/wp-content\/uploads\/2022\/04\/cropped-logo_silmac-150x150.png 150w, https:\/\/silmac.it\/wp-content\/uploads\/2022\/04\/cropped-logo_silmac-270x270.png 270w, https:\/\/silmac.it\/wp-content\/uploads\/2022\/04\/cropped-logo_silmac-192x192.png 192w, https:\/\/silmac.it\/wp-content\/uploads\/2022\/04\/cropped-logo_silmac-180x180.png 180w, https:\/\/silmac.it\/wp-content\/uploads\/2022\/04\/cropped-logo_silmac-32x32.png 32w\" sizes=\"(max-width: 512px) 100vw, 512px\" \/>\t\t\t\t\t\t\t\t<\/a>\n\t\t\t\t\t\t\t\t\t\t\t\t\t<\/div>\n\t\t\t\t<\/div>\n\t\t\t\t\t<\/div>\n\t\t<\/div>\n\t\t\t\t<div class=\"elementor-column elementor-col-50 elementor-top-column elementor-element elementor-element-4f5a2058 header-menu\" data-id=\"4f5a2058\" data-element_type=\"column\">\n\t\t\t<div class=\"elementor-widget-wrap elementor-element-populated\">\n\t\t\t\t\t\t<div class=\"elementor-element elementor-element-27a552b6 elementor-nav-menu__align-right elementor-nav-menu--stretch elementor-nav-menu__text-align-center elementor-widget__width-initial elementor-nav-menu--dropdown-tablet elementor-nav-menu--toggle elementor-nav-menu--burger elementor-widget elementor-widget-nav-menu\" data-id=\"27a552b6\" data-element_type=\"widget\" data-settings=\"{&quot;full_width&quot;:&quot;stretch&quot;,&quot;submenu_icon&quot;:{&quot;value&quot;:&quot;&lt;i class=\\&quot;fas fa-plus\\&quot;&gt;&lt;\\\/i&gt;&quot;,&quot;library&quot;:&quot;fa-solid&quot;},&quot;layout&quot;:&quot;horizontal&quot;,&quot;toggle&quot;:&quot;burger&quot;}\" data-widget_type=\"nav-menu.default\">\n\t\t\t\t<div class=\"elementor-widget-container\">\n\t\t\t<link rel=\"stylesheet\" href=\"https:\/\/silmac.it\/wp-content\/plugins\/elementor-pro\/assets\/css\/widget-nav-menu.min.css\">\t\t\t<nav migration_allowed=\"1\" migrated=\"0\" role=\"navigation\" class=\"elementor-nav-menu--main elementor-nav-menu__container elementor-nav-menu--layout-horizontal e--pointer-none\">\n\t\t\t\t<ul id=\"menu-1-27a552b6\" class=\"elementor-nav-menu\"><li class=\"menu-item menu-item-type-post_type menu-item-object-page menu-item-home menu-item-3596\"><a href=\"https:\/\/silmac.it\/sil-mac-macchine-conto-terzi-dal-1971-2\/\" class=\"elementor-item\">Home<\/a><\/li>\n<li class=\"menu-item menu-item-type-post_type menu-item-object-page menu-item-104\"><a href=\"https:\/\/silmac.it\/chi-siamo\/\" class=\"elementor-item\">\u00dcber uns<\/a><\/li>\n<li class=\"menu-item menu-item-type-post_type menu-item-object-page menu-item-2373\"><a href=\"https:\/\/silmac.it\/aree-produttive\/\" class=\"elementor-item\">Produktionsbereiche<\/a><\/li>\n<li class=\"menu-item menu-item-type-post_type menu-item-object-page menu-item-103\"><a href=\"https:\/\/silmac.it\/produzione\/\" class=\"elementor-item\">Produktion<\/a><\/li>\n<li class=\"menu-item menu-item-type-post_type menu-item-object-page menu-item-2371\"><a href=\"https:\/\/silmac.it\/modello-organizzativo-231\/\" class=\"elementor-item\">Organisations modells 231<\/a><\/li>\n<li class=\"menu-item menu-item-type-post_type menu-item-object-page menu-item-1893\"><a href=\"https:\/\/silmac.it\/contatti\/\" class=\"elementor-item\">Kontakt<\/a><\/li>\n<li class=\"menu-item wpml-ls-slot-2 wpml-ls-item wpml-ls-item-en wpml-ls-menu-item wpml-ls-first-item menu-item-type-wpml_ls_menu_item menu-item-object-wpml_ls_menu_item menu-item-wpml-ls-2-en\"><a href=\"https:\/\/silmac.it\/en\/\" class=\"elementor-item\"><img decoding=\"async\"\n            class=\"wpml-ls-flag\"\n            src=\"https:\/\/silmac.it\/wp-content\/plugins\/sitepress-multilingual-cms\/res\/flags\/en.svg\"\n            alt=\"Englisch\"\n            \n            \n    \/><\/a><\/li>\n<li class=\"menu-item wpml-ls-slot-2 wpml-ls-item wpml-ls-item-de wpml-ls-current-language wpml-ls-menu-item menu-item-type-wpml_ls_menu_item menu-item-object-wpml_ls_menu_item menu-item-wpml-ls-2-de\"><a href=\"https:\/\/silmac.it\/de\/\" class=\"elementor-item\"><img decoding=\"async\"\n            class=\"wpml-ls-flag\"\n            src=\"https:\/\/silmac.it\/wp-content\/plugins\/sitepress-multilingual-cms\/res\/flags\/de.svg\"\n            alt=\"Deutsch\"\n            \n            \n    \/><\/a><\/li>\n<li class=\"menu-item wpml-ls-slot-2 wpml-ls-item wpml-ls-item-it wpml-ls-menu-item wpml-ls-last-item menu-item-type-wpml_ls_menu_item menu-item-object-wpml_ls_menu_item menu-item-wpml-ls-2-it\"><a href=\"https:\/\/silmac.it\" class=\"elementor-item\"><img decoding=\"async\"\n            class=\"wpml-ls-flag\"\n            src=\"https:\/\/silmac.it\/wp-content\/plugins\/sitepress-multilingual-cms\/res\/flags\/it.svg\"\n            alt=\"Italienisch\"\n            \n            \n    \/><\/a><\/li>\n<\/ul>\t\t\t<\/nav>\n\t\t\t\t\t<div class=\"elementor-menu-toggle\" role=\"button\" tabindex=\"0\" aria-label=\"Men\u00fc Umschalter\" aria-expanded=\"false\">\n\t\t\t<i aria-hidden=\"true\" role=\"presentation\" class=\"elementor-menu-toggle__icon--open eicon-menu-bar\"><\/i><i aria-hidden=\"true\" role=\"presentation\" class=\"elementor-menu-toggle__icon--close eicon-close\"><\/i>\t\t\t<span class=\"elementor-screen-only\">Men\u00fc<\/span>\n\t\t<\/div>\n\t\t\t<nav class=\"elementor-nav-menu--dropdown elementor-nav-menu__container\" role=\"navigation\" aria-hidden=\"true\">\n\t\t\t\t<ul id=\"menu-2-27a552b6\" class=\"elementor-nav-menu\"><li class=\"menu-item menu-item-type-post_type menu-item-object-page menu-item-home menu-item-3596\"><a href=\"https:\/\/silmac.it\/sil-mac-macchine-conto-terzi-dal-1971-2\/\" class=\"elementor-item\" tabindex=\"-1\">Home<\/a><\/li>\n<li class=\"menu-item menu-item-type-post_type menu-item-object-page menu-item-104\"><a href=\"https:\/\/silmac.it\/chi-siamo\/\" class=\"elementor-item\" tabindex=\"-1\">\u00dcber uns<\/a><\/li>\n<li class=\"menu-item menu-item-type-post_type menu-item-object-page menu-item-2373\"><a href=\"https:\/\/silmac.it\/aree-produttive\/\" class=\"elementor-item\" tabindex=\"-1\">Produktionsbereiche<\/a><\/li>\n<li class=\"menu-item menu-item-type-post_type menu-item-object-page menu-item-103\"><a href=\"https:\/\/silmac.it\/produzione\/\" class=\"elementor-item\" tabindex=\"-1\">Produktion<\/a><\/li>\n<li class=\"menu-item menu-item-type-post_type menu-item-object-page menu-item-2371\"><a href=\"https:\/\/silmac.it\/modello-organizzativo-231\/\" class=\"elementor-item\" tabindex=\"-1\">Organisations modells 231<\/a><\/li>\n<li class=\"menu-item menu-item-type-post_type menu-item-object-page menu-item-1893\"><a href=\"https:\/\/silmac.it\/contatti\/\" class=\"elementor-item\" tabindex=\"-1\">Kontakt<\/a><\/li>\n<li class=\"menu-item wpml-ls-slot-2 wpml-ls-item wpml-ls-item-en wpml-ls-menu-item wpml-ls-first-item menu-item-type-wpml_ls_menu_item menu-item-object-wpml_ls_menu_item menu-item-wpml-ls-2-en\"><a href=\"https:\/\/silmac.it\/en\/\" class=\"elementor-item\" tabindex=\"-1\"><img decoding=\"async\"\n            class=\"wpml-ls-flag\"\n            src=\"https:\/\/silmac.it\/wp-content\/plugins\/sitepress-multilingual-cms\/res\/flags\/en.svg\"\n            alt=\"Englisch\"\n            \n            \n    \/><\/a><\/li>\n<li class=\"menu-item wpml-ls-slot-2 wpml-ls-item wpml-ls-item-de wpml-ls-current-language wpml-ls-menu-item menu-item-type-wpml_ls_menu_item menu-item-object-wpml_ls_menu_item menu-item-wpml-ls-2-de\"><a href=\"https:\/\/silmac.it\/de\/\" class=\"elementor-item\" tabindex=\"-1\"><img decoding=\"async\"\n            class=\"wpml-ls-flag\"\n            src=\"https:\/\/silmac.it\/wp-content\/plugins\/sitepress-multilingual-cms\/res\/flags\/de.svg\"\n            alt=\"Deutsch\"\n            \n            \n    \/><\/a><\/li>\n<li class=\"menu-item wpml-ls-slot-2 wpml-ls-item wpml-ls-item-it wpml-ls-menu-item wpml-ls-last-item menu-item-type-wpml_ls_menu_item menu-item-object-wpml_ls_menu_item menu-item-wpml-ls-2-it\"><a href=\"https:\/\/silmac.it\" class=\"elementor-item\" tabindex=\"-1\"><img decoding=\"async\"\n            class=\"wpml-ls-flag\"\n            src=\"https:\/\/silmac.it\/wp-content\/plugins\/sitepress-multilingual-cms\/res\/flags\/it.svg\"\n            alt=\"Italienisch\"\n            \n            \n    \/><\/a><\/li>\n<\/ul>\t\t\t<\/nav>\n\t\t\t\t<\/div>\n\t\t\t\t<\/div>\n\t\t\t\t\t<\/div>\n\t\t<\/div>\n\t\t\t\t\t<\/div>\n\t\t<\/header>\n\t\t\t\t<section class=\"elementor-section elementor-top-section elementor-element elementor-element-21fa913a elementor-section-content-middle elementor-section-boxed elementor-section-height-default elementor-section-height-default\" data-id=\"21fa913a\" data-element_type=\"section\" data-settings=\"{&quot;background_background&quot;:&quot;classic&quot;}\">\n\t\t\t\t\t\t<div class=\"elementor-container elementor-column-gap-no\">\n\t\t\t\t\t<div class=\"elementor-column elementor-col-100 elementor-top-column elementor-element elementor-element-205bdd20\" data-id=\"205bdd20\" data-element_type=\"column\">\n\t\t\t<div class=\"elementor-widget-wrap elementor-element-populated\">\n\t\t\t\t\t\t<div class=\"elementor-element elementor-element-5cda1c46 elementor-widget__width-initial elementor-widget elementor-widget-heading\" data-id=\"5cda1c46\" data-element_type=\"widget\" data-widget_type=\"heading.default\">\n\t\t\t\t<div class=\"elementor-widget-container\">\n\t\t\t<style>\/*! elementor - v3.19.0 - 28-02-2024 *\/\n.elementor-heading-title{padding:0;margin:0;line-height:1}.elementor-widget-heading .elementor-heading-title[class*=elementor-size-]>a{color:inherit;font-size:inherit;line-height:inherit}.elementor-widget-heading .elementor-heading-title.elementor-size-small{font-size:15px}.elementor-widget-heading .elementor-heading-title.elementor-size-medium{font-size:19px}.elementor-widget-heading .elementor-heading-title.elementor-size-large{font-size:29px}.elementor-widget-heading .elementor-heading-title.elementor-size-xl{font-size:39px}.elementor-widget-heading .elementor-heading-title.elementor-size-xxl{font-size:59px}<\/style><h1 class=\"elementor-heading-title elementor-size-default\">Wistleblowing<\/h1>\t\t<\/div>\n\t\t\t\t<\/div>\n\t\t\t\t<div class=\"elementor-element elementor-element-7e27505 elementor-widget elementor-widget-spacer\" data-id=\"7e27505\" data-element_type=\"widget\" data-widget_type=\"spacer.default\">\n\t\t\t\t<div class=\"elementor-widget-container\">\n\t\t\t<style>\/*! elementor - v3.19.0 - 28-02-2024 *\/\n.elementor-column .elementor-spacer-inner{height:var(--spacer-size)}.e-con{--container-widget-width:100%}.e-con-inner>.elementor-widget-spacer,.e-con>.elementor-widget-spacer{width:var(--container-widget-width,var(--spacer-size));--align-self:var(--container-widget-align-self,initial);--flex-shrink:0}.e-con-inner>.elementor-widget-spacer>.elementor-widget-container,.e-con>.elementor-widget-spacer>.elementor-widget-container{height:100%;width:100%}.e-con-inner>.elementor-widget-spacer>.elementor-widget-container>.elementor-spacer,.e-con>.elementor-widget-spacer>.elementor-widget-container>.elementor-spacer{height:100%}.e-con-inner>.elementor-widget-spacer>.elementor-widget-container>.elementor-spacer>.elementor-spacer-inner,.e-con>.elementor-widget-spacer>.elementor-widget-container>.elementor-spacer>.elementor-spacer-inner{height:var(--container-widget-height,var(--spacer-size))}.e-con-inner>.elementor-widget-spacer.elementor-widget-empty,.e-con>.elementor-widget-spacer.elementor-widget-empty{position:relative;min-height:22px;min-width:22px}.e-con-inner>.elementor-widget-spacer.elementor-widget-empty .elementor-widget-empty-icon,.e-con>.elementor-widget-spacer.elementor-widget-empty .elementor-widget-empty-icon{position:absolute;top:0;bottom:0;left:0;right:0;margin:auto;padding:0;width:22px;height:22px}<\/style>\t\t<div class=\"elementor-spacer\">\n\t\t\t<div class=\"elementor-spacer-inner\"><\/div>\n\t\t<\/div>\n\t\t\t\t<\/div>\n\t\t\t\t<\/div>\n\t\t\t\t<div class=\"elementor-element elementor-element-37e8576 elementor-widget elementor-widget-text-editor\" data-id=\"37e8576\" data-element_type=\"widget\" data-widget_type=\"text-editor.default\">\n\t\t\t\t<div class=\"elementor-widget-container\">\n\t\t\t<style>\/*! elementor - v3.19.0 - 28-02-2024 *\/\n.elementor-widget-text-editor.elementor-drop-cap-view-stacked .elementor-drop-cap{background-color:#69727d;color:#fff}.elementor-widget-text-editor.elementor-drop-cap-view-framed .elementor-drop-cap{color:#69727d;border:3px solid;background-color:transparent}.elementor-widget-text-editor:not(.elementor-drop-cap-view-default) .elementor-drop-cap{margin-top:8px}.elementor-widget-text-editor:not(.elementor-drop-cap-view-default) .elementor-drop-cap-letter{width:1em;height:1em}.elementor-widget-text-editor .elementor-drop-cap{float:left;text-align:center;line-height:1;font-size:50px}.elementor-widget-text-editor .elementor-drop-cap-letter{display:inline-block}<\/style>\t\t\t\t<p class=\"p1\">\nDie Sinermatic-Gruppe stellt \u00fcber ein spezielles Verfahren die M\u00f6glichkeit zur Verf\u00fcgung, auch in anonymer Form \u00fcber eine Online-Plattform (Whistleblowing-Meldekanal) rechtswidrige Handlungen und\/oder Verst\u00f6\u00dfe im Zusammenhang mit dem Arbeitsumfeld sowie Verst\u00f6\u00dfe gegen nationale und europ\u00e4ische Vorschriften zu melden. Ziel ist es, dem Entstehen jeglicher Form von Rechtswidrigkeit oder unethischem Verhalten entgegenzuwirken.<\/p>\n<p class=\"p1\">Mitteilungen pers\u00f6nlicher oder kommerzieller Art (z. B. Beschwerden usw.) sind \u00fcber die \u00fcblichen Kommunikationskan\u00e4le zu \u00fcbermitteln.<\/p>\n<p class=\"p1\">Der Whistleblowing-Meldekanal der Sinermatic-Gruppe \u2013 der von einem externen Beratungsunternehmen betrieben wird, das angemessene Garantien in Bezug auf Unabh\u00e4ngigkeit, Professionalit\u00e4t, Vertraulichkeit, Datenschutz und Geheimhaltung bietet \u2013 erm\u00f6glicht die Abgabe von Meldungen sowohl in schriftlicher Form als auch \u00fcber sprachbasierte Nachrichtensysteme.<\/p>\n<p class=\"p1\">Alternativ kann die Meldung auch durch die Anforderung eines direkten Treffens mit dem f\u00fcr die Meldungen zust\u00e4ndigen Verantwortlichen erfolgen. Die Anfrage muss \u00fcber den Whistleblowing-Kanal eingereicht werden.<\/p>\n<p class=\"p1\">Alle eingegangenen Meldungen werden unter voller Einhaltung der geltenden Vorschriften zum Whistleblowing (Gesetzesdekret Nr. 24\/2023) sowie zum Schutz personenbezogener Daten (EU-Verordnung 2016\/679 und Gesetzesdekret 196\/2003) behandelt.<\/p>\n<p class=\"p1\">Wir laden Sie ein, die\n<a href=\"https:\/\/wb-sinermaticgroup.isigame.net\/s\/Procedura whistleblowing - Sinermatic Group rev3 GL.pdf\">\n<span class=\"s1\">Whistleblowing-Verfahrensrichtlinie<\/span>\n<\/a>\nund die\n<a href=\"https:\/\/silmac.it\/privacy-policy\/\">\n<span class=\"s2\">Datenschutzerkl\u00e4rung<\/span>\n<\/a>\nzur Kenntnis zu nehmen.<\/p>\n<p class=\"p2\"><span class=\"s2\">\n<a href=\"https:\/\/wb-sinermaticgroup.isigame.net\/\">\nZugang zum Whistleblowing-Meldekanal\n<\/a>\n<\/span><\/p>\t\t\t\t\t\t<\/div>\n\t\t\t\t<\/div>\n\t\t\t\t\t<\/div>\n\t\t<\/div>\n\t\t\t\t\t<\/div>\n\t\t<\/section>\n\t\t\t\t<section class=\"elementor-section elementor-top-section elementor-element elementor-element-56ee913d elementor-section-content-middle elementor-section-boxed elementor-section-height-default elementor-section-height-default\" data-id=\"56ee913d\" data-element_type=\"section\" data-settings=\"{&quot;background_background&quot;:&quot;classic&quot;}\">\n\t\t\t\t\t\t<div class=\"elementor-container elementor-column-gap-no\">\n\t\t\t\t\t<div class=\"elementor-column elementor-col-100 elementor-top-column elementor-element elementor-element-7ca70cc6\" data-id=\"7ca70cc6\" data-element_type=\"column\">\n\t\t\t<div class=\"elementor-widget-wrap elementor-element-populated\">\n\t\t\t\t\t\t<section class=\"elementor-section elementor-inner-section elementor-element elementor-element-3d179994 elementor-section-boxed elementor-section-height-default elementor-section-height-default\" data-id=\"3d179994\" data-element_type=\"section\">\n\t\t\t\t\t\t<div class=\"elementor-container elementor-column-gap-default\">\n\t\t\t\t\t<div class=\"elementor-column elementor-col-25 elementor-inner-column elementor-element elementor-element-dff4f05\" data-id=\"dff4f05\" data-element_type=\"column\">\n\t\t\t<div class=\"elementor-widget-wrap elementor-element-populated\">\n\t\t\t\t\t\t<div class=\"elementor-element elementor-element-4a33f18 elementor-widget elementor-widget-image\" data-id=\"4a33f18\" data-element_type=\"widget\" data-widget_type=\"image.default\">\n\t\t\t\t<div class=\"elementor-widget-container\">\n\t\t\t\t\t\t\t\t\t\t\t\t\t\t<a href=\"https:\/\/silmac.it\/de\/\">\n\t\t\t\t\t\t\t<img decoding=\"async\" width=\"150\" height=\"150\" src=\"https:\/\/silmac.it\/wp-content\/uploads\/2022\/04\/cropped-logo_silmac-150x150.png\" class=\"attachment-thumbnail size-thumbnail wp-image-868\" alt=\"\" srcset=\"https:\/\/silmac.it\/wp-content\/uploads\/2022\/04\/cropped-logo_silmac-150x150.png 150w, https:\/\/silmac.it\/wp-content\/uploads\/2022\/04\/cropped-logo_silmac-300x300.png 300w, https:\/\/silmac.it\/wp-content\/uploads\/2022\/04\/cropped-logo_silmac-270x270.png 270w, https:\/\/silmac.it\/wp-content\/uploads\/2022\/04\/cropped-logo_silmac-192x192.png 192w, https:\/\/silmac.it\/wp-content\/uploads\/2022\/04\/cropped-logo_silmac-180x180.png 180w, https:\/\/silmac.it\/wp-content\/uploads\/2022\/04\/cropped-logo_silmac-32x32.png 32w, https:\/\/silmac.it\/wp-content\/uploads\/2022\/04\/cropped-logo_silmac.png 512w\" sizes=\"(max-width: 150px) 100vw, 150px\" \/>\t\t\t\t\t\t\t\t<\/a>\n\t\t\t\t\t\t\t\t\t\t\t\t\t<\/div>\n\t\t\t\t<\/div>\n\t\t\t\t\t<\/div>\n\t\t<\/div>\n\t\t\t\t<div class=\"elementor-column elementor-col-25 elementor-inner-column elementor-element elementor-element-66b4ec76\" data-id=\"66b4ec76\" data-element_type=\"column\">\n\t\t\t<div class=\"elementor-widget-wrap\">\n\t\t\t\t\t\t\t<\/div>\n\t\t<\/div>\n\t\t\t\t<div class=\"elementor-column elementor-col-25 elementor-inner-column elementor-element elementor-element-243c2923\" data-id=\"243c2923\" data-element_type=\"column\">\n\t\t\t<div class=\"elementor-widget-wrap\">\n\t\t\t\t\t\t\t<\/div>\n\t\t<\/div>\n\t\t\t\t<div class=\"elementor-column elementor-col-25 elementor-inner-column elementor-element elementor-element-23b2fee2\" data-id=\"23b2fee2\" data-element_type=\"column\">\n\t\t\t<div class=\"elementor-widget-wrap elementor-element-populated\">\n\t\t\t\t\t\t<div class=\"elementor-element elementor-element-7aa8d9fd elementor-widget elementor-widget-heading\" data-id=\"7aa8d9fd\" data-element_type=\"widget\" data-widget_type=\"heading.default\">\n\t\t\t\t<div class=\"elementor-widget-container\">\n\t\t\t<h4 class=\"elementor-heading-title elementor-size-default\">Erkunden Sie<\/h4>\t\t<\/div>\n\t\t\t\t<\/div>\n\t\t\t\t<div class=\"elementor-element elementor-element-779d3262 elementor-align-left elementor-mobile-align-left elementor-icon-list--layout-traditional elementor-list-item-link-full_width elementor-widget elementor-widget-icon-list\" data-id=\"779d3262\" data-element_type=\"widget\" data-widget_type=\"icon-list.default\">\n\t\t\t\t<div class=\"elementor-widget-container\">\n\t\t\t<link rel=\"stylesheet\" href=\"https:\/\/silmac.it\/wp-content\/plugins\/elementor\/assets\/css\/widget-icon-list.min.css\">\t\t<ul class=\"elementor-icon-list-items\">\n\t\t\t\t\t\t\t<li class=\"elementor-icon-list-item\">\n\t\t\t\t\t\t\t\t\t\t\t<a href=\"https:\/\/silmac.it\/de\/ueber-uns\/\">\n\n\t\t\t\t\t\t\t\t\t\t\t\t<span class=\"elementor-icon-list-icon\">\n\t\t\t\t\t\t\t<i aria-hidden=\"true\" class=\"fas fa-check\"><\/i>\t\t\t\t\t\t<\/span>\n\t\t\t\t\t\t\t\t\t\t<span class=\"elementor-icon-list-text\">\u00dcber uns<\/span>\n\t\t\t\t\t\t\t\t\t\t\t<\/a>\n\t\t\t\t\t\t\t\t\t<\/li>\n\t\t\t\t\t\t\t\t<li class=\"elementor-icon-list-item\">\n\t\t\t\t\t\t\t\t\t\t\t<a href=\"https:\/\/silmac.it\/de\/produktionsbereiche\/\">\n\n\t\t\t\t\t\t\t\t\t\t\t\t<span class=\"elementor-icon-list-icon\">\n\t\t\t\t\t\t\t<i aria-hidden=\"true\" class=\"fas fa-check\"><\/i>\t\t\t\t\t\t<\/span>\n\t\t\t\t\t\t\t\t\t\t<span class=\"elementor-icon-list-text\">Produktionsbereiche<\/span>\n\t\t\t\t\t\t\t\t\t\t\t<\/a>\n\t\t\t\t\t\t\t\t\t<\/li>\n\t\t\t\t\t\t\t\t<li class=\"elementor-icon-list-item\">\n\t\t\t\t\t\t\t\t\t\t\t<a href=\"https:\/\/silmac.it\/de\/produktion\/\">\n\n\t\t\t\t\t\t\t\t\t\t\t\t<span class=\"elementor-icon-list-icon\">\n\t\t\t\t\t\t\t<i aria-hidden=\"true\" class=\"fas fa-check\"><\/i>\t\t\t\t\t\t<\/span>\n\t\t\t\t\t\t\t\t\t\t<span class=\"elementor-icon-list-text\">Produktion<\/span>\n\t\t\t\t\t\t\t\t\t\t\t<\/a>\n\t\t\t\t\t\t\t\t\t<\/li>\n\t\t\t\t\t\t\t\t<li class=\"elementor-icon-list-item\">\n\t\t\t\t\t\t\t\t\t\t\t<a href=\"https:\/\/silmac.it\/de\/organisationsmodells-231\/\">\n\n\t\t\t\t\t\t\t\t\t\t\t\t<span class=\"elementor-icon-list-icon\">\n\t\t\t\t\t\t\t<i aria-hidden=\"true\" class=\"fas fa-check\"><\/i>\t\t\t\t\t\t<\/span>\n\t\t\t\t\t\t\t\t\t\t<span class=\"elementor-icon-list-text\">Organisationsmodells 231<\/span>\n\t\t\t\t\t\t\t\t\t\t\t<\/a>\n\t\t\t\t\t\t\t\t\t<\/li>\n\t\t\t\t\t\t\t\t<li class=\"elementor-icon-list-item\">\n\t\t\t\t\t\t\t\t\t\t\t<a href=\"https:\/\/silmac.it\/whistleblowing\/\">\n\n\t\t\t\t\t\t\t\t\t\t\t\t<span class=\"elementor-icon-list-icon\">\n\t\t\t\t\t\t\t<i aria-hidden=\"true\" class=\"fas fa-check\"><\/i>\t\t\t\t\t\t<\/span>\n\t\t\t\t\t\t\t\t\t\t<span class=\"elementor-icon-list-text\">Whistleblowing<\/span>\n\t\t\t\t\t\t\t\t\t\t\t<\/a>\n\t\t\t\t\t\t\t\t\t<\/li>\n\t\t\t\t\t\t\t\t<li class=\"elementor-icon-list-item\">\n\t\t\t\t\t\t\t\t\t\t\t<a href=\"https:\/\/silmac.it\/de\/kontakt\/\">\n\n\t\t\t\t\t\t\t\t\t\t\t\t<span class=\"elementor-icon-list-icon\">\n\t\t\t\t\t\t\t<i aria-hidden=\"true\" class=\"fas fa-check\"><\/i>\t\t\t\t\t\t<\/span>\n\t\t\t\t\t\t\t\t\t\t<span class=\"elementor-icon-list-text\">Kontakt<\/span>\n\t\t\t\t\t\t\t\t\t\t\t<\/a>\n\t\t\t\t\t\t\t\t\t<\/li>\n\t\t\t\t\t\t<\/ul>\n\t\t\t\t<\/div>\n\t\t\t\t<\/div>\n\t\t\t\t\t<\/div>\n\t\t<\/div>\n\t\t\t\t\t<\/div>\n\t\t<\/section>\n\t\t\t\t<section class=\"elementor-section elementor-inner-section elementor-element elementor-element-228730dc elementor-section-content-middle elementor-section-boxed elementor-section-height-default elementor-section-height-default\" data-id=\"228730dc\" data-element_type=\"section\">\n\t\t\t\t\t\t<div class=\"elementor-container elementor-column-gap-default\">\n\t\t\t\t\t<div class=\"elementor-column elementor-col-66 elementor-inner-column elementor-element elementor-element-507649bf\" data-id=\"507649bf\" data-element_type=\"column\">\n\t\t\t<div class=\"elementor-widget-wrap elementor-element-populated\">\n\t\t\t\t\t\t<div class=\"elementor-element elementor-element-2fa323e3 elementor-widget elementor-widget-heading\" data-id=\"2fa323e3\" data-element_type=\"widget\" data-widget_type=\"heading.default\">\n\t\t\t\t<div class=\"elementor-widget-container\">\n\t\t\t<p class=\"elementor-heading-title elementor-size-default\">SIL.MAC | P.Iva 01855271209 | C.F. 01855271209 | Reg. Imp. 01855271209 | Cap. Soz. 90.000 \u20ac i.V.<\/p>\t\t<\/div>\n\t\t\t\t<\/div>\n\t\t\t\t\t<\/div>\n\t\t<\/div>\n\t\t\t\t<div class=\"elementor-column elementor-col-33 elementor-inner-column elementor-element elementor-element-2adad1a6\" data-id=\"2adad1a6\" data-element_type=\"column\">\n\t\t\t<div class=\"elementor-widget-wrap elementor-element-populated\">\n\t\t\t\t\t\t<div class=\"elementor-element elementor-element-605cd8ac elementor-widget elementor-widget-heading\" data-id=\"605cd8ac\" data-element_type=\"widget\" data-widget_type=\"heading.default\">\n\t\t\t\t<div class=\"elementor-widget-container\">\n\t\t\t<p class=\"elementor-heading-title elementor-size-default\">2022 \u00a9 Made with <span style=\"color: #ff0000;\">\u2764<\/span> by Eeever | Alle Rechte vorbehalten<\/p>\t\t<\/div>\n\t\t\t\t<\/div>\n\t\t\t\t\t<\/div>\n\t\t<\/div>\n\t\t\t\t\t<\/div>\n\t\t<\/section>\n\t\t\t\t\t<\/div>\n\t\t<\/div>\n\t\t\t\t\t<\/div>\n\t\t<\/section>\n\t\t\t\t<\/div>\n\t\t","protected":false},"excerpt":{"rendered":"<p>Wistleblowing Die Sinermatic-Gruppe stellt \u00fcber ein spezielles Verfahren die M\u00f6glichkeit zur Verf\u00fcgung, auch in anonymer Form \u00fcber eine Online-Plattform (Whistleblowing-Meldekanal) rechtswidrige Handlungen und\/oder Verst\u00f6\u00dfe im Zusammenhang mit dem Arbeitsumfeld sowie Verst\u00f6\u00dfe gegen nationale und europ\u00e4ische Vorschriften zu melden. Ziel ist es, dem Entstehen jeglicher Form von Rechtswidrigkeit oder unethischem Verhalten entgegenzuwirken. Mitteilungen pers\u00f6nlicher oder kommerzieller [&hellip;]<\/p>\n","protected":false},"author":1,"featured_media":0,"parent":0,"menu_order":0,"comment_status":"closed","ping_status":"closed","template":"","meta":{"footnotes":""},"class_list":["post-3569","page","type-page","status-publish","hentry"],"_links":{"self":[{"href":"https:\/\/silmac.it\/de\/wp-json\/wp\/v2\/pages\/3569","targetHints":{"allow":["GET"]}}],"collection":[{"href":"https:\/\/silmac.it\/de\/wp-json\/wp\/v2\/pages"}],"about":[{"href":"https:\/\/silmac.it\/de\/wp-json\/wp\/v2\/types\/page"}],"author":[{"embeddable":true,"href":"https:\/\/silmac.it\/de\/wp-json\/wp\/v2\/users\/1"}],"replies":[{"embeddable":true,"href":"https:\/\/silmac.it\/de\/wp-json\/wp\/v2\/comments?post=3569"}],"version-history":[{"count":13,"href":"https:\/\/silmac.it\/de\/wp-json\/wp\/v2\/pages\/3569\/revisions"}],"predecessor-version":[{"id":3868,"href":"https:\/\/silmac.it\/de\/wp-json\/wp\/v2\/pages\/3569\/revisions\/3868"}],"wp:attachment":[{"href":"https:\/\/silmac.it\/de\/wp-json\/wp\/v2\/media?parent=3569"}],"curies":[{"name":"wp","href":"https:\/\/api.w.org\/{rel}","templated":true}]}}